{"id":149,"date":"2021-10-01T07:25:38","date_gmt":"2021-10-01T07:25:38","guid":{"rendered":"https:\/\/teqra.tech\/?page_id=149"},"modified":"2022-12-22T10:18:47","modified_gmt":"2022-12-22T10:18:47","slug":"hinnad","status":"publish","type":"page","link":"https:\/\/textexpert.ee\/es\/hinnad\/","title":{"rendered":"Hinnad"},"content":{"rendered":"<p>[et_pb_section fb_built=&#8221;1&#8243; admin_label=&#8221;Header&#8221; _builder_version=&#8221;4.16&#8243; use_background_color_gradient=&#8221;on&#8221; background_color_gradient_direction=&#8221;124deg&#8221; background_color_gradient_stops=&#8221;rgba(255,255,255,0.1) 30%|#90c948 90%&#8221; background_color_gradient_start=&#8221;rgba(255,255,255,0.1)&#8221; background_color_gradient_start_position=&#8221;30%&#8221; background_color_gradient_end=&#8221;#90c948&#8243; background_color_gradient_end_position=&#8221;90%&#8221; background_image=&#8221;https:\/\/textexpert.ee\/wp-content\/uploads\/2021\/11\/TextExpert-back.png&#8221; background_position=&#8221;bottom_center&#8221; custom_margin=&#8221;||202px|-4px||&#8221; custom_padding=&#8221;7vw||7vw||true|&#8221; background_last_edited=&#8221;off|desktop&#8221; border_color_all=&#8221;#FFFFFF&#8221; border_width_left=&#8221;10px&#8221; global_colors_info=&#8221;{}&#8221;][et_pb_row column_structure=&#8221;1_2,1_2&#8243; use_custom_gutter=&#8221;on&#8221; gutter_width=&#8221;4&#8243; _builder_version=&#8221;4.16&#8243; background_size=&#8221;contain&#8221; background_position=&#8221;bottom_center&#8221; max_width=&#8221;1280px&#8221; custom_margin=&#8221;-58px|auto||auto||&#8221; global_colors_info=&#8221;{}&#8221;][et_pb_column type=&#8221;1_2&#8243; _builder_version=&#8221;4.16&#8243; custom_padding=&#8221;40px|||&#8221; custom_padding_tablet=&#8221;0vw|||&#8221; global_colors_info=&#8221;{}&#8221; custom_padding__hover=&#8221;|||&#8221;][et_pb_text _builder_version=&#8221;4.16&#8243; text_font=&#8221;||||||||&#8221; text_text_color=&#8221;#000000&#8243; text_font_size=&#8221;18px&#8221; text_line_height=&#8221;1.8em&#8221; header_font=&#8221;Montserrat|800||on|||||&#8221; header_text_color=&#8221;#000000&#8243; header_font_size=&#8221;2.2vw&#8221; header_line_height=&#8221;1.3em&#8221; header_3_text_color=&#8221;#90c948&#8243; header_3_font_size=&#8221;29px&#8221; custom_margin=&#8221;-41px||30px|||&#8221; animation_style=&#8221;fade&#8221; animation_duration=&#8221;2000ms&#8221; text_font_size_tablet=&#8221;16px&#8221; text_font_size_phone=&#8221;14px&#8221; text_font_size_last_edited=&#8221;on|phone&#8221; text_line_height_tablet=&#8221;1.8em&#8221; text_line_height_phone=&#8221;1.7em&#8221; text_line_height_last_edited=&#8221;off|phone&#8221; header_text_align_tablet=&#8221;&#8221; header_text_align_phone=&#8221;center&#8221; header_text_align_last_edited=&#8221;on|phone&#8221; header_font_size_tablet=&#8221;8vw&#8221; header_font_size_phone=&#8221;6vw&#8221; header_font_size_last_edited=&#8221;on|phone&#8221; header_3_text_align_tablet=&#8221;&#8221; header_3_text_align_phone=&#8221;center&#8221; header_3_text_align_last_edited=&#8221;on|phone&#8221; header_3_font_size_tablet=&#8221;&#8221; header_3_font_size_phone=&#8221;23px&#8221; header_3_font_size_last_edited=&#8221;on|phone&#8221; text_orientation_tablet=&#8221;&#8221; text_orientation_phone=&#8221;center&#8221; text_orientation_last_edited=&#8221;on|phone&#8221; global_colors_info=&#8221;{}&#8221;]<\/p>\n<h3><em>Hea hind ja k\u00f5rge kvaliteet<\/em><\/h3>\n<h1>Textexpert pakub turu parimat hinda<\/h1>\n<p><span>T\u00f6\u00f6 hind s\u00f5ltub t\u00f5lgitava\u00a0<\/span><strong>teksti mahust ja keelepaarist<\/strong><span>. V\u00f5tame vastu\u00a0<\/span><strong>eri formaatides dokumente.<\/strong><\/p>\n<p>Teile vastab meie projektijuht.<\/p>\n<p>[\/et_pb_text][et_pb_button button_text=&#8221;V\u00f5ta \u00fchendust!&#8221; button_alignment_tablet=&#8221;&#8221; button_alignment_phone=&#8221;center&#8221; button_alignment_last_edited=&#8221;on|phone&#8221; disabled_on=&#8221;off|off|off&#8221; _builder_version=&#8221;4.16&#8243; custom_button=&#8221;on&#8221; button_text_size=&#8221;16px&#8221; button_text_color=&#8221;#ffffff&#8221; button_bg_color=&#8221;#90c948&#8243; button_border_radius=&#8221;10px&#8221; button_font=&#8221;Montserrat|700|||||||&#8221; button_use_icon=&#8221;off&#8221; custom_margin=&#8221;||16px&#8221; custom_padding=&#8221;18px|40px|18px|40px|true|true&#8221; animation_style=&#8221;bounce&#8221; animation_delay=&#8221;600ms&#8221; global_colors_info=&#8221;{}&#8221;][\/et_pb_button][\/et_pb_column][et_pb_column type=&#8221;1_2&#8243; _builder_version=&#8221;4.16&#8243; custom_padding=&#8221;|||&#8221; global_colors_info=&#8221;{}&#8221; custom_padding__hover=&#8221;|||&#8221;][et_pb_image src=&#8221;http:\/\/teqra.tech\/wp-content\/uploads\/2021\/10\/TextExpert-hinnad.webp&#8221; title_text=&#8221;TextExpert hinnad&#8221; _builder_version=&#8221;4.16&#8243; _module_preset=&#8221;default&#8221; animation_style=&#8221;fade&#8221; border_radii=&#8221;on|60px|60px|60px|60px&#8221; global_colors_info=&#8221;{}&#8221;][\/et_pb_image][\/et_pb_column][\/et_pb_row][\/et_pb_section]<\/p>\n","protected":false},"excerpt":{"rendered":"<p>Hea hind ja k\u00f5rge kvaliteet Textexpert pakub turu parimat hinda T\u00f6\u00f6 hind s\u00f5ltub t\u00f5lgitava\u00a0teksti mahust ja keelepaarist. V\u00f5tame vastu\u00a0eri formaatides dokumente. Teile vastab meie projektijuht.<\/p>","protected":false},"author":2,"featured_media":0,"parent":0,"menu_order":0,"comment_status":"closed","ping_status":"closed","template":"","meta":{"_et_pb_use_builder":"on","_et_pb_old_content":"<!-- wp:divi\/placeholder \/-->","_et_gb_content_width":"","footnotes":""},"class_list":["post-149","page","type-page","status-publish","hentry"],"_links":{"self":[{"href":"https:\/\/textexpert.ee\/es\/wp-json\/wp\/v2\/pages\/149","targetHints":{"allow":["GET"]}}],"collection":[{"href":"https:\/\/textexpert.ee\/es\/wp-json\/wp\/v2\/pages"}],"about":[{"href":"https:\/\/textexpert.ee\/es\/wp-json\/wp\/v2\/types\/page"}],"author":[{"embeddable":true,"href":"https:\/\/textexpert.ee\/es\/wp-json\/wp\/v2\/users\/2"}],"replies":[{"embeddable":true,"href":"https:\/\/textexpert.ee\/es\/wp-json\/wp\/v2\/comments?post=149"}],"version-history":[{"count":17,"href":"https:\/\/textexpert.ee\/es\/wp-json\/wp\/v2\/pages\/149\/revisions"}],"predecessor-version":[{"id":2214,"href":"https:\/\/textexpert.ee\/es\/wp-json\/wp\/v2\/pages\/149\/revisions\/2214"}],"wp:attachment":[{"href":"https:\/\/textexpert.ee\/es\/wp-json\/wp\/v2\/media?parent=149"}],"curies":[{"name":"wp","href":"https:\/\/api.w.org\/{rel}","templated":true}]}}