{"id":226,"date":"2021-10-02T13:58:01","date_gmt":"2021-10-02T13:58:01","guid":{"rendered":"https:\/\/teqra.tech\/?page_id=226"},"modified":"2025-08-04T10:17:03","modified_gmt":"2025-08-04T07:17:03","slug":"alcuni_dati_interessanti","status":"publish","type":"page","link":"https:\/\/textexpert.ee\/it\/alcuni_dati_interessanti\/","title":{"rendered":"Alcuni dati interessanti"},"content":{"rendered":"<p>[et_pb_section fb_built=&#8221;1&#8243; disabled_on=&#8221;on|on|on&#8221; _builder_version=&#8221;4.27.4&#8243; _module_preset=&#8221;default&#8221; custom_padding=&#8221;||4px|||&#8221; disabled=&#8221;on&#8221; global_colors_info=&#8221;{}&#8221;][et_pb_row column_structure=&#8221;3_5,2_5&#8243; _builder_version=&#8221;4.27.4&#8243; _module_preset=&#8221;default&#8221; width=&#8221;93%&#8221; module_alignment=&#8221;center&#8221; global_colors_info=&#8221;{}&#8221;][et_pb_column type=&#8221;3_5&#8243; _builder_version=&#8221;4.27.4&#8243; _module_preset=&#8221;default&#8221; global_colors_info=&#8221;{}&#8221;][et_pb_heading title=&#8221;Keelte maailm on h\u00e4mmastav \u2013 nagu ka meie t\u00f5lketeenused&#8221; _builder_version=&#8221;4.27.4&#8243; _module_preset=&#8221;default&#8221; title_level=&#8221;h2&#8243; title_font=&#8221;|600|||||||&#8221; title_font_size=&#8221;36px&#8221; global_colors_info=&#8221;{}&#8221;][\/et_pb_heading][et_pb_text _builder_version=&#8221;4.27.4&#8243; _module_preset=&#8221;default&#8221; max_width=&#8221;800px&#8221; module_alignment=&#8221;left&#8221; global_colors_info=&#8221;{}&#8221;]<\/p>\n<p data-start=\"280\" data-end=\"626\" class=\"\" style=\"text-align: left;\"><span style=\"color: #000000;\">Iga keel avab ukse uude kultuuri, <em data-start=\"314\" data-end=\"330\">keelekasutusse<\/em> ja m\u00f5ttemaailma. TextExpert t\u00f5lkeb\u00fcroo aitab sul sellest maailmast osa saada \u2013 meie kogenud t\u00f5lkijad pakuvad professionaalset t\u00f5lketeenust rohkem kui 60 keeles. Olgu tegemist inglise-eesti, saksa-eesti, soome-eesti v\u00f5i haruldasemate keelepaaridega, tagame alati t\u00e4pse ja kontekstitundliku t\u00f5lke.<\/span><\/p>\n<p data-start=\"628\" data-end=\"882\" class=\"\" style=\"text-align: left;\"><span style=\"color: #000000;\">Meie t\u00f5lketeenused sobivad nii ettev\u00f5tetele kui ka eraisikutele, kes otsivad usaldusv\u00e4\u00e4rset partnerit keelte t\u00f5lkimisel. Alt leiad p\u00f5nevaid fakte keelte kohta \u2013 sest keel ei ole ainult suhtlusvahend, vaid ka keelekasutuse, kultuuri ja identiteedi kandja.<\/span><\/p>\n<p>[\/et_pb_text][et_pb_text _builder_version=&#8221;4.27.4&#8243; _module_preset=&#8221;default&#8221; max_width=&#8221;800px&#8221; module_alignment=&#8221;left&#8221; global_colors_info=&#8221;{}&#8221;]<\/p>\n<p data-start=\"280\" data-end=\"626\" class=\"\" style=\"text-align: left;\"><span style=\"color: #000000;\">Iga keel avab ukse uude kultuuri, <em data-start=\"314\" data-end=\"330\">keelekasutusse<\/em> ja m\u00f5ttemaailma. TextExpert t\u00f5lkeb\u00fcroo aitab sul sellest maailmast osa saada \u2013 meie kogenud t\u00f5lkijad pakuvad professionaalset t\u00f5lketeenust rohkem kui 60 keeles. Olgu tegemist inglise-eesti, saksa-eesti, soome-eesti v\u00f5i haruldasemate keelepaaridega, tagame alati t\u00e4pse ja kontekstitundliku t\u00f5lke.<\/span><\/p>\n<p data-start=\"628\" data-end=\"882\" class=\"\" style=\"text-align: left;\"><span style=\"color: #000000;\">Meie t\u00f5lketeenused sobivad nii ettev\u00f5tetele kui ka eraisikutele, kes otsivad usaldusv\u00e4\u00e4rset partnerit keelte t\u00f5lkimisel. Alt leiad p\u00f5nevaid fakte keelte kohta \u2013 sest keel ei ole ainult suhtlusvahend, vaid ka keelekasutuse, kultuuri ja identiteedi kandja.<\/span><\/p>\n<p>[\/et_pb_text][\/et_pb_column][et_pb_column type=&#8221;2_5&#8243; _builder_version=&#8221;4.27.4&#8243; _module_preset=&#8221;default&#8221; global_colors_info=&#8221;{}&#8221;][et_pb_image src=&#8221;https:\/\/textexpert.ee\/wp-content\/uploads\/2025\/03\/175226296.jpg&#8221; title_text=&#8221;175226296&#8243; _builder_version=&#8221;4.27.4&#8243; _module_preset=&#8221;default&#8221; global_colors_info=&#8221;{}&#8221;][\/et_pb_image][\/et_pb_column][\/et_pb_row][\/et_pb_section][et_pb_section fb_built=&#8221;1&#8243; _builder_version=&#8221;4.27.4&#8243; _module_preset=&#8221;default&#8221; custom_padding=&#8221;4px||7px|||&#8221; global_colors_info=&#8221;{}&#8221;][et_pb_row _builder_version=&#8221;4.27.4&#8243; _module_preset=&#8221;default&#8221; custom_padding=&#8221;55px|||||&#8221; global_colors_info=&#8221;{}&#8221;][et_pb_column type=&#8221;4_4&#8243; _builder_version=&#8221;4.27.4&#8243; _module_preset=&#8221;default&#8221; global_colors_info=&#8221;{}&#8221;][et_pb_heading title=&#8221;Kas teadsid, et&#8230;&#8221; _builder_version=&#8221;4.27.4&#8243; _module_preset=&#8221;default&#8221; title_level=&#8221;h2&#8243; title_font=&#8221;|700|||||||&#8221; title_text_align=&#8221;center&#8221; title_text_color=&#8221;#000000&#8243; hover_enabled=&#8221;0&#8243; global_colors_info=&#8221;{}&#8221; sticky_enabled=&#8221;0&#8243;][\/et_pb_heading][\/et_pb_column][\/et_pb_row][\/et_pb_section][et_pb_section fb_built=&#8221;1&#8243; disabled_on=&#8221;off|off|off&#8221; _builder_version=&#8221;4.27.4&#8243; _module_preset=&#8221;default&#8221; background_color=&#8221;#ffffff&#8221; module_alignment=&#8221;center&#8221; custom_margin=&#8221;15px|||||&#8221; custom_padding=&#8221;20px||44px|||&#8221; locked=&#8221;off&#8221; global_colors_info=&#8221;{}&#8221;][et_pb_row column_structure=&#8221;1_4,1_4,1_4,1_4&#8243; disabled_on=&#8221;off|off|off&#8221; module_id=&#8221;bulbs&#8221; _builder_version=&#8221;4.27.4&#8243; _module_preset=&#8221;default&#8221; background_color=&#8221;#FFFFFF&#8221; width=&#8221;93%&#8221; custom_margin=&#8221;||||false|false&#8221; border_radii=&#8221;on|10px|10px|10px|10px&#8221; box_shadow_style=&#8221;preset1&#8243; global_colors_info=&#8221;{}&#8221;][et_pb_column type=&#8221;1_4&#8243; _builder_version=&#8221;4.16&#8243; _module_preset=&#8221;default&#8221; global_colors_info=&#8221;{}&#8221;][et_pb_blurb title=&#8221;&#8230;araabia keeles kirjutatakse paremalt vasakule!&#8221; use_icon=&#8221;on&#8221; font_icon=&#8221;&#xf359;||fa||900&#8243; icon_color=&#8221;#90c948&#8243; _builder_version=&#8221;4.27.4&#8243; _module_preset=&#8221;default&#8221; header_text_align=&#8221;center&#8221; header_text_color=&#8221;#000000&#8243; header_line_height=&#8221;1.2em&#8221; width=&#8221;100%&#8221; custom_margin=&#8221;||||false|false&#8221; animation_style=&#8221;flip&#8221; animation_direction=&#8221;right&#8221; global_colors_info=&#8221;{}&#8221;][\/et_pb_blurb][et_pb_blurb title=&#8221;&#8230;k\u00f5ige raskem keel on jaapani keel. \u00c4ra tuleb \u00f5ppida tuhandeid kirjam\u00e4rke kolmes erinevas kirjakeeles!&#8221; use_icon=&#8221;on&#8221; font_icon=&#8221;&#xf63f;||fa||400&#8243; icon_color=&#8221;#90c948&#8243; disabled_on=&#8221;off|off|off&#8221; _builder_version=&#8221;4.27.4&#8243; _module_preset=&#8221;default&#8221; header_text_align=&#8221;center&#8221; header_text_color=&#8221;#000000&#8243; header_line_height=&#8221;1.2em&#8221; min_height=&#8221;224px&#8221; custom_margin=&#8221;||||false|false&#8221; custom_padding=&#8221;||||false|false&#8221; animation_style=&#8221;flip&#8221; animation_direction=&#8221;right&#8221; global_colors_info=&#8221;{}&#8221;][\/et_pb_blurb][\/et_pb_column][et_pb_column type=&#8221;1_4&#8243; _builder_version=&#8221;4.17.6&#8243; _module_preset=&#8221;default&#8221; global_colors_info=&#8221;{}&#8221;][et_pb_blurb title=&#8221;&#8230;maailmas on \u00fcle 7000 erineva keele!&#8221; use_icon=&#8221;on&#8221; font_icon=&#8221;&#xf57d;||fa||900&#8243; icon_color=&#8221;#90c948&#8243; disabled_on=&#8221;off|off|off&#8221; _builder_version=&#8221;4.27.4&#8243; _module_preset=&#8221;default&#8221; header_text_align=&#8221;center&#8221; header_text_color=&#8221;#000000&#8243; header_line_height=&#8221;1.2em&#8221; min_height=&#8221;186.2px&#8221; custom_margin=&#8221;||||false|false&#8221; custom_padding=&#8221;||||false|false&#8221; animation_style=&#8221;flip&#8221; animation_direction=&#8221;right&#8221; hover_enabled=&#8221;0&#8243; global_colors_info=&#8221;{}&#8221; sticky_enabled=&#8221;0&#8243;][\/et_pb_blurb][et_pb_blurb title=&#8221;&#8230;ungari keeles on 18 k\u00e4\u00e4net!&#8221; image=&#8221;https:\/\/textexpert.ee\/wp-content\/uploads\/2025\/03\/9.png&#8221; disabled_on=&#8221;off|off|off&#8221; _builder_version=&#8221;4.27.4&#8243; _module_preset=&#8221;default&#8221; header_text_align=&#8221;center&#8221; header_text_color=&#8221;#000000&#8243; header_line_height=&#8221;1.2em&#8221; min_height=&#8221;183.2px&#8221; custom_padding=&#8221;||||false|false&#8221; animation_style=&#8221;flip&#8221; animation_direction=&#8221;right&#8221; global_colors_info=&#8221;{}&#8221;][\/et_pb_blurb][\/et_pb_column][et_pb_column type=&#8221;1_4&#8243; _builder_version=&#8221;4.16&#8243; _module_preset=&#8221;default&#8221; global_colors_info=&#8221;{}&#8221;][et_pb_blurb title=&#8221;&#8230;v\u00e4idetavalt on k\u00f5ige ilusam keel bengali keel.&#8221; use_icon=&#8221;on&#8221; font_icon=&#8221;&#xf598;||fa||900&#8243; icon_color=&#8221;#90c948&#8243; disabled_on=&#8221;off|off|off&#8221; _builder_version=&#8221;4.27.4&#8243; _module_preset=&#8221;default&#8221; header_text_align=&#8221;center&#8221; header_text_color=&#8221;#000000&#8243; header_line_height=&#8221;1.2em&#8221; custom_margin=&#8221;||||false|false&#8221; custom_padding=&#8221;||||false|false&#8221; animation_style=&#8221;flip&#8221; animation_direction=&#8221;right&#8221; global_colors_info=&#8221;{}&#8221;][\/et_pb_blurb][et_pb_blurb title=&#8221;&#8230;hiina keeles s\u00f5ltub paljude s\u00f5nade t\u00e4hendus sama s\u00f5na h\u00e4\u00e4ldamise heli k\u00f5rgusest!&#8221; image=&#8221;https:\/\/textexpert.ee\/wp-content\/uploads\/2025\/03\/10.png&#8221; disabled_on=&#8221;off|off|off&#8221; _builder_version=&#8221;4.27.4&#8243; _module_preset=&#8221;default&#8221; header_text_align=&#8221;center&#8221; header_text_color=&#8221;#000000&#8243; header_line_height=&#8221;1.2em&#8221; min_height=&#8221;183.6px&#8221; custom_margin=&#8221;||||false|false&#8221; custom_padding=&#8221;||||false|false&#8221; animation_style=&#8221;flip&#8221; animation_direction=&#8221;right&#8221; global_colors_info=&#8221;{}&#8221;][\/et_pb_blurb][\/et_pb_column][et_pb_column type=&#8221;1_4&#8243; _builder_version=&#8221;4.16&#8243; _module_preset=&#8221;default&#8221; global_colors_info=&#8221;{}&#8221;][et_pb_blurb title=&#8221;&#8230;k\u00f5ige rohkem r\u00e4\u00e4gitakse maailmas hiina, hispaania ja inglise keelt!&#8221; image=&#8221;https:\/\/textexpert.ee\/wp-content\/uploads\/2025\/03\/3-3.png&#8221; disabled_on=&#8221;off|off|off&#8221; _builder_version=&#8221;4.27.4&#8243; _module_preset=&#8221;default&#8221; header_text_align=&#8221;center&#8221; header_text_color=&#8221;#000000&#8243; header_line_height=&#8221;1.2em&#8221; width=&#8221;98.3%&#8221; min_height=&#8221;230.2px&#8221; custom_margin=&#8221;||||false|false&#8221; custom_padding=&#8221;||||false|false&#8221; animation_style=&#8221;flip&#8221; animation_direction=&#8221;right&#8221; global_colors_info=&#8221;{}&#8221; font_icon__hover_enabled=&#8221;on|desktop&#8221;][\/et_pb_blurb][et_pb_blurb title=&#8221;&#8230;eesti keel on \u00fcks raskemaid. Vaid m\u00f5ni keel on eesti keelest keerulisem!&#8221; image=&#8221;https:\/\/textexpert.ee\/wp-content\/uploads\/2025\/03\/7.png&#8221; disabled_on=&#8221;off|off|off&#8221; _builder_version=&#8221;4.27.4&#8243; _module_preset=&#8221;default&#8221; header_text_align=&#8221;center&#8221; header_text_color=&#8221;#000000&#8243; header_line_height=&#8221;1.2em&#8221; width=&#8221;97.2%&#8221; min_height=&#8221;174.2px&#8221; custom_margin=&#8221;||||false|false&#8221; custom_padding=&#8221;||||false|false&#8221; animation_style=&#8221;flip&#8221; animation_direction=&#8221;right&#8221; hover_enabled=&#8221;0&#8243; global_colors_info=&#8221;{}&#8221; sticky_enabled=&#8221;0&#8243;][\/et_pb_blurb][\/et_pb_column][\/et_pb_row][\/et_pb_section][et_pb_section fb_built=&#8221;1&#8243; _builder_version=&#8221;4.17.6&#8243; _module_preset=&#8221;default&#8221; custom_padding=&#8221;5px||1px|||&#8221; global_colors_info=&#8221;{}&#8221;][et_pb_row _builder_version=&#8221;4.27.4&#8243; _module_preset=&#8221;default&#8221; width=&#8221;93%&#8221; custom_padding=&#8221;||0px|||&#8221; global_colors_info=&#8221;{}&#8221;][et_pb_column type=&#8221;4_4&#8243; _builder_version=&#8221;4.17.6&#8243; _module_preset=&#8221;default&#8221; global_colors_info=&#8221;{}&#8221;][et_pb_button button_url=&#8221;https:\/\/textexpert.ee\/kontakt&#8221; button_text=&#8221;K\u00dcSI MEILT PAKKUMIST!&#8221; button_alignment=&#8221;center&#8221; button_alignment_tablet=&#8221;&#8221; button_alignment_phone=&#8221;center&#8221; button_alignment_last_edited=&#8221;on|phone&#8221; disabled_on=&#8221;off|off|off&#8221; _builder_version=&#8221;4.27.4&#8243; custom_button=&#8221;on&#8221; button_text_size=&#8221;15px&#8221; button_text_color=&#8221;#ffffff&#8221; button_bg_color=&#8221;#90c948&#8243; button_border_radius=&#8221;10px&#8221; button_font=&#8221;Montserrat|700|||||||&#8221; button_use_icon=&#8221;off&#8221; custom_margin=&#8221;||62px|||&#8221; custom_padding=&#8221;18px|40px|18px|40px|true|true&#8221; animation_style=&#8221;bounce&#8221; animation_delay=&#8221;600ms&#8221; global_colors_info=&#8221;{}&#8221;][\/et_pb_button][\/et_pb_column][\/et_pb_row][\/et_pb_section]<\/p>\n","protected":false},"excerpt":{"rendered":"<p>Iga keel avab ukse uude kultuuri, keelekasutusse ja m\u00f5ttemaailma. TextExpert t\u00f5lkeb\u00fcroo aitab sul sellest maailmast osa saada \u2013 meie kogenud t\u00f5lkijad pakuvad professionaalset t\u00f5lketeenust rohkem kui 60 keeles. Olgu tegemist inglise-eesti, saksa-eesti, soome-eesti v\u00f5i haruldasemate keelepaaridega, tagame alati t\u00e4pse ja kontekstitundliku t\u00f5lke. Meie t\u00f5lketeenused sobivad nii ettev\u00f5tetele kui ka eraisikutele, kes otsivad usaldusv\u00e4\u00e4rset partnerit keelte t\u00f5lkimisel. Alt leiad p\u00f5nevaid fakte keelte kohta \u2013 sest keel ei ole ainult suhtlusvahend, vaid ka keelekasutuse, kultuuri ja identiteedi kandja.Iga keel avab ukse uude kultuuri, keelekasutusse ja m\u00f5ttemaailma. TextExpert t\u00f5lkeb\u00fcroo aitab sul sellest maailmast osa saada \u2013 meie kogenud t\u00f5lkijad pakuvad professionaalset t\u00f5lketeenust rohkem kui 60 keeles. Olgu tegemist inglise-eesti, saksa-eesti, soome-eesti v\u00f5i haruldasemate keelepaaridega, tagame alati t\u00e4pse ja kontekstitundliku t\u00f5lke. Meie t\u00f5lketeenused sobivad nii ettev\u00f5tetele kui ka eraisikutele, kes otsivad usaldusv\u00e4\u00e4rset partnerit keelte t\u00f5lkimisel. Alt leiad p\u00f5nevaid fakte keelte kohta \u2013 sest keel ei ole ainult suhtlusvahend, vaid ka keelekasutuse, kultuuri ja identiteedi kandja.<\/p>","protected":false},"author":2,"featured_media":0,"parent":0,"menu_order":0,"comment_status":"closed","ping_status":"closed","template":"","meta":{"_et_pb_use_builder":"on","_et_pb_old_content":"","_et_gb_content_width":"","footnotes":""},"class_list":["post-226","page","type-page","status-publish","hentry"],"_links":{"self":[{"href":"https:\/\/textexpert.ee\/it\/wp-json\/wp\/v2\/pages\/226","targetHints":{"allow":["GET"]}}],"collection":[{"href":"https:\/\/textexpert.ee\/it\/wp-json\/wp\/v2\/pages"}],"about":[{"href":"https:\/\/textexpert.ee\/it\/wp-json\/wp\/v2\/types\/page"}],"author":[{"embeddable":true,"href":"https:\/\/textexpert.ee\/it\/wp-json\/wp\/v2\/users\/2"}],"replies":[{"embeddable":true,"href":"https:\/\/textexpert.ee\/it\/wp-json\/wp\/v2\/comments?post=226"}],"version-history":[{"count":155,"href":"https:\/\/textexpert.ee\/it\/wp-json\/wp\/v2\/pages\/226\/revisions"}],"predecessor-version":[{"id":226877,"href":"https:\/\/textexpert.ee\/it\/wp-json\/wp\/v2\/pages\/226\/revisions\/226877"}],"wp:attachment":[{"href":"https:\/\/textexpert.ee\/it\/wp-json\/wp\/v2\/media?parent=226"}],"curies":[{"name":"wp","href":"https:\/\/api.w.org\/{rel}","templated":true}]}}